{"id":79,"date":"2009-11-20T20:06:00","date_gmt":"2009-11-20T18:06:00","guid":{"rendered":"http:\/\/s276247244.onlinehome.us\/vojvode2\/?page_id=79"},"modified":"2022-03-15T00:55:40","modified_gmt":"2022-03-14T22:55:40","slug":"kontakt","status":"publish","type":"page","link":"https:\/\/www.vojvode.org\/?page_id=79","title":{"rendered":"Kontakt"},"content":{"rendered":"<p>Za sve informacije o na\u0161em klubu, treninzima, opremi, takmi\u010denjima, o baseballu u Srbiji uop\u0161te&#8230;.slobodno nas kontaktirajte i neko iz Baseball kluba Vojvode Zemun \u0107e Vam odgovoriti u najkra\u0107em roku:<\/p>\n<p><strong>Webmaster<\/strong><br \/>\nSinisa Spasic tel.<br \/>\n<a href=\"mailto:vojvode@vojvode.org\">vojvode@vojvode.org<\/a><\/p>\n<p><strong>Trener katedetskog timz i Predsednik kluba<\/strong><br \/>\nMomcilo Kojic tel. 063\/624-763<br \/>\n<a href=\"mailto:vojvode33@yahoo.com\">vojvode33@yahoo.com<\/a><\/p>\n<p><strong>Sportski direktor<\/strong><br \/>\nBorivoje Jeremic<br \/>\n<a href=\"mailto:vojvode@vojvode.org\">vojvode@vojvode.org<\/a><\/p>\n<div role=\"form\" class=\"wpcf7\" id=\"wpcf7-f418-o1\" dir=\"ltr\">\n<div class=\"screen-reader-response\"><p role=\"status\" aria-live=\"polite\" aria-atomic=\"true\"><\/p> <ul><\/ul><\/div>\n<form action=\"\/index.php?rest_route=%2Fwp%2Fv2%2Fpages%2F79#wpcf7-f418-o1\" method=\"post\" class=\"wpcf7-form init\" novalidate=\"novalidate\" data-status=\"init\">\n<div style=\"display: none;\">\n<input type=\"hidden\" name=\"_wpcf7\" value=\"418\" \/>\n<input type=\"hidden\" name=\"_wpcf7_version\" value=\"5.5.6\" \/>\n<input type=\"hidden\" name=\"_wpcf7_locale\" value=\"\" \/>\n<input type=\"hidden\" name=\"_wpcf7_unit_tag\" value=\"wpcf7-f418-o1\" \/>\n<input type=\"hidden\" name=\"_wpcf7_container_post\" value=\"0\" \/>\n<input type=\"hidden\" name=\"_wpcf7_posted_data_hash\" value=\"\" \/>\n<\/div>\n<p>Vase ime (obavezno)<br \/>\n    <span class=\"wpcf7-form-control-wrap your-name\"><input type=\"text\" name=\"your-name\" value=\"\" size=\"40\" class=\"wpcf7-form-control wpcf7-text wpcf7-validates-as-required\" aria-required=\"true\" aria-invalid=\"false\" \/><\/span> <\/p>\n<p>Vas Email (obavezno)<br \/>\n    <span class=\"wpcf7-form-control-wrap your-email\"><input type=\"email\" name=\"your-email\" value=\"\" size=\"40\" class=\"wpcf7-form-control wpcf7-text wpcf7-email wpcf7-validates-as-required wpcf7-validates-as-email\" aria-required=\"true\" aria-invalid=\"false\" \/><\/span> <\/p>\n<p>Tema<br \/>\n    <span class=\"wpcf7-form-control-wrap your-subject\"><input type=\"text\" name=\"your-subject\" value=\"\" size=\"40\" class=\"wpcf7-form-control wpcf7-text\" aria-invalid=\"false\" \/><\/span> <\/p>\n<p>Vasa poruka<br \/>\n    <span class=\"wpcf7-form-control-wrap your-message\"><textarea name=\"your-message\" cols=\"40\" rows=\"10\" class=\"wpcf7-form-control wpcf7-textarea\" aria-invalid=\"false\"><\/textarea><\/span> <\/p>\n<p><input type=\"submit\" value=\"Send\" class=\"wpcf7-form-control has-spinner wpcf7-submit\" \/><\/p>\n<p style=\"display: none !important;\"><label>&#916;<textarea name=\"_wpcf7_ak_hp_textarea\" cols=\"45\" rows=\"8\" maxlength=\"100\"><\/textarea><\/label><input type=\"hidden\" id=\"ak_js_1\" name=\"_wpcf7_ak_js\" value=\"199\"\/><script>document.getElementById( \"ak_js_1\" ).setAttribute( \"value\", ( new Date() ).getTime() );<\/script><\/p><div class=\"wpcf7-response-output\" aria-hidden=\"true\"><\/div><\/form><\/div>\n<p>Treninzi (april-oktobar):<br \/>\nUtorak i Cetrvrtak od 16h<br \/>\nAda Ciganlija (kod bandzija)<\/p>\n<p>Pre dolazaka na trening pozovite trenera.<\/p>\n<p>*sve utakmice BK Vojvode, na doma\u0107em terenu, prvenstvene i internacionalne,\u00a0 se igraju na baseball terenu na Adi Ciganliji (u blizini band\u017eija i ve\u0161ta\u010dke stene)<\/p>\n","protected":false},"excerpt":{"rendered":"<p>Za sve informacije o na\u0161em klubu, treninzima, opremi, takmi\u010denjima, o baseballu u Srbiji uop\u0161te&#8230;.slobodno nas kontaktirajte i neko iz Baseball kluba Vojvode Zemun \u0107e Vam odgovoriti u najkra\u0107em roku: Webmaster Sinisa Spasic tel. vojvode@vojvode.org Trener katedetskog timz i Predsednik kluba Momcilo Kojic tel. 063\/624-763 vojvode33@yahoo.com Sportski direktor Borivoje Jeremic vojvode@vojvode.org Treninzi (april-oktobar): Utorak i Cetrvrtak [&hellip;]<\/p>\n","protected":false},"author":1,"featured_media":0,"parent":0,"menu_order":10,"comment_status":"open","ping_status":"open","template":"","meta":{"ngg_post_thumbnail":0},"_links":{"self":[{"href":"https:\/\/www.vojvode.org\/index.php?rest_route=\/wp\/v2\/pages\/79"}],"collection":[{"href":"https:\/\/www.vojvode.org\/index.php?rest_route=\/wp\/v2\/pages"}],"about":[{"href":"https:\/\/www.vojvode.org\/index.php?rest_route=\/wp\/v2\/types\/page"}],"author":[{"embeddable":true,"href":"https:\/\/www.vojvode.org\/index.php?rest_route=\/wp\/v2\/users\/1"}],"replies":[{"embeddable":true,"href":"https:\/\/www.vojvode.org\/index.php?rest_route=%2Fwp%2Fv2%2Fcomments&post=79"}],"version-history":[{"count":9,"href":"https:\/\/www.vojvode.org\/index.php?rest_route=\/wp\/v2\/pages\/79\/revisions"}],"predecessor-version":[{"id":478,"href":"https:\/\/www.vojvode.org\/index.php?rest_route=\/wp\/v2\/pages\/79\/revisions\/478"}],"wp:attachment":[{"href":"https:\/\/www.vojvode.org\/index.php?rest_route=%2Fwp%2Fv2%2Fmedia&parent=79"}],"curies":[{"name":"wp","href":"https:\/\/api.w.org\/{rel}","templated":true}]}}